{"id":24,"date":"2019-03-26T09:56:45","date_gmt":"2019-03-26T09:56:45","guid":{"rendered":"https:\/\/piperodental.com\/?page_id=24"},"modified":"2019-04-02T09:15:30","modified_gmt":"2019-04-02T09:15:30","slug":"protesi","status":"publish","type":"page","link":"https:\/\/piperodental.com\/index.php\/protesi\/","title":{"rendered":"Protesi"},"content":{"rendered":"<div class=\"wpb-content-wrapper\"><p>[vc_row][vc_column][vc_column_text]<\/p>\n<p style=\"text-align: justify;\"><span style=\"color: #333333;\">Si definisce protesi dentale la parte dell&#8217;odontoiatria che si occupa della progettazione e costruzione di protesi. La mancanza di uno o pi\u00f9 denti pu\u00f2 mettere a rischio la salute orale. Gli altri denti, infatti, tendono a spostarsi per riempire lo spazio vuoto: i denti si inclinano e si allungano modificando l\u2019occlusione e l\u2019equilibrio complessivo di tutta la bocca.<\/span><\/p>\n<p style=\"text-align: left;\"><span style=\"color: #333333;\">Muscoli, ossa e articolazioni possono risentirne e la masticazione pu\u00f2 risultare difficile e dolorosa. I denti che hanno cambiato posizione possono diventare difficili da pulire correttamente, causando carie e disturbi gengivali oltre a condizionare negativamente il rapporto personale con gli altri perch\u00e9 l\u2019estetica risulta fortemente compromessa.<\/span><\/p>\n<p style=\"text-align: left;\"><span style=\"color: #333333;\">Esistono diversi tipi di protesi:<\/span><\/p>\n<p>[\/vc_column_text][\/vc_column][\/vc_row][vc_row][vc_column width=&#8221;1\/2&#8243; css=&#8221;.vc_custom_1554133457405{margin-top: 30px !important;}&#8221;][vc_custom_heading text=&#8221;Protesi fissa&#8221; font_container=&#8221;tag:h3|text_align:left|color:%23bd9b2f&#8221; google_fonts=&#8221;font_family:Roboto%3A100%2C100italic%2C300%2C300italic%2Cregular%2Citalic%2C500%2C500italic%2C700%2C700italic%2C900%2C900italic|font_style:700%20bold%20regular%3A700%3Anormal&#8221;][vc_column_text]<\/p>\n<p style=\"text-align: justify;\"><span style=\"color: #333333;\">La protesi fissa sostituisce gli elementi dentari con dei manufatti che non possono essere rimossi dal paziente. Tali elementi se si ancorano alla radice residua del dente vengono definiti corone, se poggiano sui denti adiacenti (opportunamente limati) ponti e se sono inseriti su impianti inseriti nell&#8217;osso sono definite protesi su impianti.<\/span><\/p>\n<p>[\/vc_column_text][vc_custom_heading text=&#8221;Protesi mobile&#8221; font_container=&#8221;tag:h3|text_align:left|color:%23bd9b2f&#8221; google_fonts=&#8221;font_family:Roboto%3A100%2C100italic%2C300%2C300italic%2Cregular%2Citalic%2C500%2C500italic%2C700%2C700italic%2C900%2C900italic|font_style:700%20bold%20regular%3A700%3Anormal&#8221;][vc_column_text]<\/p>\n<p style=\"text-align: justify;\"><span style=\"color: #333333;\">Con il termine &#8220;protesi mobile&#8221; si intendono tutte le protesi atte alla sostituzione di intere arcate o parti di essa. Vengono definite mobili in quanto possono essere rimosse facilmente durante l&#8217;arco della giornata dal paziente stesso. Le protesi mobili sono: protesi totale, parziale e scheletrata.<\/span><\/p>\n<p>[\/vc_column_text][\/vc_column][vc_column width=&#8221;1\/2&#8243;][vc_single_image image=&#8221;238&#8243; img_size=&#8221;full&#8221; alignment=&#8221;center&#8221; image_hovers=&#8221;false&#8221;][\/vc_column][\/vc_row][vc_row][vc_column width=&#8221;1\/2&#8243;][vc_single_image image=&#8221;236&#8243; img_size=&#8221;full&#8221; alignment=&#8221;center&#8221; image_hovers=&#8221;false&#8221;][\/vc_column][vc_column width=&#8221;1\/2&#8243;][vc_custom_heading text=&#8221;Corone&#8221; font_container=&#8221;tag:h3|text_align:left|color:%23bd9b2f&#8221; google_fonts=&#8221;font_family:Roboto%3A100%2C100italic%2C300%2C300italic%2Cregular%2Citalic%2C500%2C500italic%2C700%2C700italic%2C900%2C900italic|font_style:700%20bold%20regular%3A700%3Anormal&#8221;][vc_column_text]<\/p>\n<p style=\"text-align: justify;\"><span style=\"color: #333333;\">Le corone sono protesi per denti singoli dove almeno la radice \u00e8 conservata. Si ancorano o al dente opportunamente preparato (moncone) o tramite perni endocanalari alla radice.<\/span><\/p>\n<p style=\"text-align: left;\"><span style=\"color: #333333;\">Le corone, come anche gli elementi di ponte possono essere in metallo, metallo ceramica, solo ceramica o zirconio. La corona tutta in ceramica Inceram \u00e8 richiesta sempre pi\u00f9 nella realizzazione delle corone per i diversi vantaggi che offre, estetica assicurata, affidabilit\u00e0 nella resistenza meccanica e compatibilit\u00e0 con la gengiva. In questo tipo di corona, l\u2019infrastruttura metallica della ceramica \u00e8 sostituita con un\u2019infrastruttura in allumina o zirconio. L\u2019ossido di alluminio o allumina, per le sue propriet\u00e0, \u00e8 utilizzato in molti campi, particolarmente nel settore dentale. L\u2019allumina d\u00e0 una diffusione particolare della luce.<\/span><\/p>\n<p>[\/vc_column_text][\/vc_column][\/vc_row][vc_row][vc_column width=&#8221;1\/2&#8243;][vc_custom_heading text=&#8221;Ponti&#8221; font_container=&#8221;tag:h3|text_align:left|color:%23bd9b2f&#8221; google_fonts=&#8221;font_family:Roboto%3A100%2C100italic%2C300%2C300italic%2Cregular%2Citalic%2C500%2C500italic%2C700%2C700italic%2C900%2C900italic|font_style:700%20bold%20regular%3A700%3Anormal&#8221;][vc_column_text]<\/p>\n<p style=\"text-align: justify;\"><span style=\"color: #333333;\">Nei ponti l&#8217;elemento dentario estratto viene sostituito da una protesi che comprende anche gli elementi dentari adiacenti e devono necessariamente essere ridotti a monconi e protesizzati. L&#8217;elemento mancante assieme agli elementi pilastro (i monconi sui quali si appoggia) forma il ponte.<\/span><\/p>\n<p>[\/vc_column_text][vc_custom_heading text=&#8221;Protesi su impianti&#8221; font_container=&#8221;tag:h3|text_align:left|color:%23bd9b2f&#8221; google_fonts=&#8221;font_family:Roboto%3A100%2C100italic%2C300%2C300italic%2Cregular%2Citalic%2C500%2C500italic%2C700%2C700italic%2C900%2C900italic|font_style:700%20bold%20regular%3A700%3Anormal&#8221;][vc_column_text]<\/p>\n<p style=\"text-align: justify;\"><span style=\"color: #333333;\">In questo caso la radice dell&#8217;elemento mancante viene sostituita da un impianto in titanio e su questo viene cementato o avvitato l&#8217;elemento protesico.<\/span><\/p>\n<p>[\/vc_column_text][vc_custom_heading text=&#8221; Protesi parziale&#8221; font_container=&#8221;tag:h3|text_align:left|color:%23bd9b2f&#8221; google_fonts=&#8221;font_family:Roboto%3A100%2C100italic%2C300%2C300italic%2Cregular%2Citalic%2C500%2C500italic%2C700%2C700italic%2C900%2C900italic|font_style:700%20bold%20regular%3A700%3Anormal&#8221;][vc_column_text]<\/p>\n<p style=\"text-align: justify;\"><span style=\"color: #333333;\">La protesi parziale si ancora tramite ganci o attacchi ai denti rimanenti. Quando la protesi parziale ha una struttura di sostegno metallica viene definita protesi scheletrica o scheletrato.<\/span><\/p>\n<p>[\/vc_column_text][\/vc_column][vc_column width=&#8221;1\/2&#8243;][vc_single_image image=&#8221;237&#8243; img_size=&#8221;full&#8221; alignment=&#8221;center&#8221; image_hovers=&#8221;false&#8221;][\/vc_column][\/vc_row][vc_row css=&#8221;.vc_custom_1554196393596{margin-bottom: -35px !important;}&#8221;][vc_column width=&#8221;1\/2&#8243;][vc_single_image image=&#8221;235&#8243; img_size=&#8221;full&#8221; alignment=&#8221;center&#8221; image_hovers=&#8221;false&#8221;][\/vc_column][vc_column width=&#8221;1\/2&#8243;][vc_custom_heading text=&#8221; Protesi totale&#8221; font_container=&#8221;tag:h3|text_align:left|color:%23bd9b2f&#8221; google_fonts=&#8221;font_family:Roboto%3A100%2C100italic%2C300%2C300italic%2Cregular%2Citalic%2C500%2C500italic%2C700%2C700italic%2C900%2C900italic|font_style:700%20bold%20regular%3A700%3Anormal&#8221;][vc_column_text]<\/p>\n<p style=\"text-align: justify;\"><span style=\"color: #333333;\">La protesi totale rientra tra i dispositivi afisiologici, in quanto i carichi masticatori vengono completamente scaricati sulla mucosa e sull&#8217;osso sottostante, perch\u00e8 denti residui o radici vengono a mancare. \u00c8\u00a0 meglio definita come &#8220;mobile totale&#8221; in quanto risulta essere un dispositivo che il paziente stesso pu\u00f2 rimuovere e reinserire in qualsiasi momento della giornata effettuando una corretta igiene della bocca e della protesi.<\/span><\/p>\n<p style=\"text-align: left;\"><span style=\"color: #333333;\">La protesi totale pu\u00f2 essere ancorata ad un impianto, in questo caso \u00e8 fissa e non pu\u00f2 essere rimossa dal paziente.<\/span><\/p>\n<p style=\"text-align: left;\"><span style=\"color: #333333;\">I denti possono essere realizzati in ceramica (sconsigliata per un lavoro cos\u00ec &#8220;grande&#8221; dato i suoi svantaggi tecnici, meccanici e per i costi) o in resina composita (resistente e con una gamma di colori soddisfacente).<\/span><\/p>\n<p>[\/vc_column_text][\/vc_column][\/vc_row]<\/p>\n<\/div>","protected":false},"excerpt":{"rendered":"<p>[vc_row][vc_column][vc_column_text] Si definisce protesi dentale la parte dell&#8217;odontoiatria che si occupa della progettazione e costruzione di protesi. La mancanza di uno o pi\u00f9 denti pu\u00f2 mettere a rischio la salute orale. Gli altri denti, infatti, tendono a spostarsi per riempire lo spazio vuoto: i denti si inclinano e si allungano modificando l\u2019occlusione e l\u2019equilibrio complessivo&hellip;<\/p>\n","protected":false},"author":1,"featured_media":0,"parent":0,"menu_order":0,"comment_status":"closed","ping_status":"closed","template":"","meta":{"footnotes":""},"class_list":["post-24","page","type-page","status-publish","hentry","description-off"],"_links":{"self":[{"href":"https:\/\/piperodental.com\/index.php\/wp-json\/wp\/v2\/pages\/24","targetHints":{"allow":["GET"]}}],"collection":[{"href":"https:\/\/piperodental.com\/index.php\/wp-json\/wp\/v2\/pages"}],"about":[{"href":"https:\/\/piperodental.com\/index.php\/wp-json\/wp\/v2\/types\/page"}],"author":[{"embeddable":true,"href":"https:\/\/piperodental.com\/index.php\/wp-json\/wp\/v2\/users\/1"}],"replies":[{"embeddable":true,"href":"https:\/\/piperodental.com\/index.php\/wp-json\/wp\/v2\/comments?post=24"}],"version-history":[{"count":5,"href":"https:\/\/piperodental.com\/index.php\/wp-json\/wp\/v2\/pages\/24\/revisions"}],"predecessor-version":[{"id":241,"href":"https:\/\/piperodental.com\/index.php\/wp-json\/wp\/v2\/pages\/24\/revisions\/241"}],"wp:attachment":[{"href":"https:\/\/piperodental.com\/index.php\/wp-json\/wp\/v2\/media?parent=24"}],"curies":[{"name":"wp","href":"https:\/\/api.w.org\/{rel}","templated":true}]}}