{"id":26,"date":"2019-03-26T09:57:08","date_gmt":"2019-03-26T09:57:08","guid":{"rendered":"https:\/\/piperodental.com\/?page_id=26"},"modified":"2019-04-02T08:18:50","modified_gmt":"2019-04-02T08:18:50","slug":"igiene-e-prevenzione","status":"publish","type":"page","link":"https:\/\/piperodental.com\/index.php\/igiene-e-prevenzione\/","title":{"rendered":"Igiene e prevenzione"},"content":{"rendered":"<div class=\"wpb-content-wrapper\"><p>[vc_row][vc_column][vc_row_inner][vc_column_inner width=&#8221;1\/2&#8243; css=&#8221;.vc_custom_1554130050566{margin-top: 25px !important;}&#8221;][vc_single_image image=&#8221;216&#8243; img_size=&#8221;full&#8221; alignment=&#8221;right&#8221; css=&#8221;.vc_custom_1554192685706{margin-top: -22px !important;}&#8221;][\/vc_column_inner][vc_column_inner width=&#8221;1\/2&#8243;][vc_column_text]<\/p>\n<p style=\"text-align: justify;\"><span style=\"color: #333333;\">Prevenire, mantenere, migliorare o ridonare la salute orale\u00a0\u00e8 lo scopo cui tende giornalmente l\u2019igienista.Per i pazienti in et\u00e0 scolare una forma di prevenzione della carie occlusale \u00e8 la\u00a0sigillatura dei primi e secondi molari\u00a0permanenti.<\/span><\/p>\n<p style=\"text-align: left;\"><span style=\"color: #333333;\">Altra funzione dell\u2019igienista \u00e8 il trattamento del\u00a0bambino\u00a0o dell\u2019adulto ortodontico\u00a0che viene educato alle\u00a0manovre di igiene\u00a0pi\u00f9 utili al tipo di dispositivo ortodontico che ha inserito ed \u00e8 monitorato, trimestralmente o quadrimestralmente, in relazione alle capacit\u00e0 igieniche che ha acquisito.<\/span><\/p>\n<p style=\"text-align: left;\"><span style=\"color: #333333;\">Nel corso della seduta l\u2019igienista rimuove i fili ortodontici, pulisce e lucida i denti, rinforza la motivazione, se necessario, ed applica topicamente il fluoro.<\/span><\/p>\n<p style=\"text-align: left;\"><span style=\"color: #333333;\">Nei pazienti portatori di\u00a0protesi fisse,\u00a0rimovibili o amovibili-rimovibili, l\u2019educazione ad una buona igiene orale quotidiana domiciliare e all\u2019igiene periodica in studio equivale a mantenere in salute le strutture di sostegno dei denti naturali o degli impianti sui quali \u00e8 alloggiata la protesi; anche in questo caso la personalizzazione delle manovre igieniche, comprese quelle sulle protesi rimovibili, gioca un ruolo fondamentale nel raggiungimento dello scopo.<\/span><\/p>\n<p style=\"text-align: left;\"><span style=\"color: #333333;\">Infine, ma non meno importante, il trattamento cosmetico rappresentato dallo\u00a0sbiancamento dei denti, che pu\u00f2 rendere ancora pi\u00f9 bello il sorriso. Sia le tecniche domiciliari che in studio sono valide e la scelta generalmente viene fatta in base alle esigenze del paziente stesso. Con la tecnica domiciliare il risultato si ottiene dopo 15-20 giorni, con quella in studio si ottiene immediatamente.<\/span><\/p>\n<p>[\/vc_column_text][\/vc_column_inner][\/vc_row_inner][\/vc_column][\/vc_row][vc_row css=&#8221;.vc_custom_1554192740138{margin-top: 30px !important;}&#8221;][vc_column css=&#8221;.vc_custom_1554130020354{margin-top: -22px !important;}&#8221;][vc_row_inner][vc_column_inner width=&#8221;1\/3&#8243;][vc_single_image image=&#8221;197&#8243; img_size=&#8221;full&#8221; alignment=&#8221;right&#8221; css=&#8221;.vc_custom_1554131135288{margin-top: -22px !important;}&#8221;][\/vc_column_inner][vc_column_inner width=&#8221;1\/3&#8243;][vc_single_image image=&#8221;219&#8243; img_size=&#8221;full&#8221; alignment=&#8221;right&#8221; css=&#8221;.vc_custom_1554193082528{margin-top: -22px !important;}&#8221;][\/vc_column_inner][vc_column_inner width=&#8221;1\/3&#8243;][vc_single_image image=&#8221;196&#8243; img_size=&#8221;full&#8221; alignment=&#8221;right&#8221; css=&#8221;.vc_custom_1554131125288{margin-top: -22px !important;}&#8221;][\/vc_column_inner][\/vc_row_inner][\/vc_column][\/vc_row]<\/p>\n<\/div>","protected":false},"excerpt":{"rendered":"<p>[vc_row][vc_column][vc_row_inner][vc_column_inner width=&#8221;1\/2&#8243; css=&#8221;.vc_custom_1554130050566{margin-top: 25px !important;}&#8221;][vc_single_image image=&#8221;216&#8243; img_size=&#8221;full&#8221; alignment=&#8221;right&#8221; css=&#8221;.vc_custom_1554192685706{margin-top: -22px !important;}&#8221;][\/vc_column_inner][vc_column_inner width=&#8221;1\/2&#8243;][vc_column_text] Prevenire, mantenere, migliorare o ridonare la salute orale\u00a0\u00e8 lo scopo cui tende giornalmente l\u2019igienista.Per i pazienti in et\u00e0 scolare una forma di prevenzione della carie occlusale \u00e8 la\u00a0sigillatura dei primi e secondi molari\u00a0permanenti. Altra funzione dell\u2019igienista \u00e8 il trattamento del\u00a0bambino\u00a0o dell\u2019adulto ortodontico\u00a0che viene&hellip;<\/p>\n","protected":false},"author":1,"featured_media":0,"parent":0,"menu_order":0,"comment_status":"closed","ping_status":"closed","template":"","meta":{"footnotes":""},"class_list":["post-26","page","type-page","status-publish","hentry","description-off"],"_links":{"self":[{"href":"https:\/\/piperodental.com\/index.php\/wp-json\/wp\/v2\/pages\/26","targetHints":{"allow":["GET"]}}],"collection":[{"href":"https:\/\/piperodental.com\/index.php\/wp-json\/wp\/v2\/pages"}],"about":[{"href":"https:\/\/piperodental.com\/index.php\/wp-json\/wp\/v2\/types\/page"}],"author":[{"embeddable":true,"href":"https:\/\/piperodental.com\/index.php\/wp-json\/wp\/v2\/users\/1"}],"replies":[{"embeddable":true,"href":"https:\/\/piperodental.com\/index.php\/wp-json\/wp\/v2\/comments?post=26"}],"version-history":[{"count":7,"href":"https:\/\/piperodental.com\/index.php\/wp-json\/wp\/v2\/pages\/26\/revisions"}],"predecessor-version":[{"id":220,"href":"https:\/\/piperodental.com\/index.php\/wp-json\/wp\/v2\/pages\/26\/revisions\/220"}],"wp:attachment":[{"href":"https:\/\/piperodental.com\/index.php\/wp-json\/wp\/v2\/media?parent=26"}],"curies":[{"name":"wp","href":"https:\/\/api.w.org\/{rel}","templated":true}]}}