{"id":30,"date":"2019-03-26T09:59:26","date_gmt":"2019-03-26T09:59:26","guid":{"rendered":"https:\/\/piperodental.com\/?page_id=30"},"modified":"2019-04-02T10:52:38","modified_gmt":"2019-04-02T10:52:38","slug":"estetica-dentale","status":"publish","type":"page","link":"https:\/\/piperodental.com\/index.php\/estetica-dentale\/","title":{"rendered":"Estetica dentale"},"content":{"rendered":"<div class=\"wpb-content-wrapper\"><p>[vc_row][vc_column width=&#8221;1\/2&#8243;][vc_single_image image=&#8221;246&#8243; img_size=&#8221;full&#8221; image_hovers=&#8221;false&#8221;][\/vc_column][vc_column width=&#8221;1\/2&#8243;][vc_column_text]<\/p>\n<p style=\"text-align: justify;\"><span style=\"color: #333333;\">A seconda delle esigenze del paziente il nostro centro offre diverse tipologie di servizi e trattamenti di odontoiatria estetica.<\/span><\/p>\n<p>[\/vc_column_text][vc_custom_heading text=&#8221;Sbiancamento denti: &#8221; font_container=&#8221;tag:h4|text_align:left|color:%23bd9b2f&#8221; google_fonts=&#8221;font_family:Roboto%3A100%2C100italic%2C300%2C300italic%2Cregular%2Citalic%2C500%2C500italic%2C700%2C700italic%2C900%2C900italic|font_style:700%20bold%20regular%3A700%3Anormal&#8221;][vc_column_text]<\/p>\n<p style=\"text-align: justify;\"><span style=\"color: #333333;\">Lo sbiancamento dentale \u00e8 un trattamento di odontoiatria estetica sempre pi\u00f9 richiesto. Lo sbiancamento dei denti \u00e8 una tecnica cosmetica assolutamente sicura, semplice ed indolore che permette al paziente di raggiungere il risultato pi\u00f9 vicino possibile alla sua condizione naturale.<\/span><\/p>\n<p>[\/vc_column_text][vc_custom_heading text=&#8221;Faccette dentali: &#8221; font_container=&#8221;tag:h4|text_align:left|color:%23bd9b2f&#8221; google_fonts=&#8221;font_family:Roboto%3A100%2C100italic%2C300%2C300italic%2Cregular%2Citalic%2C500%2C500italic%2C700%2C700italic%2C900%2C900italic|font_style:700%20bold%20regular%3A700%3Anormal&#8221;][vc_column_text]<\/p>\n<p style=\"text-align: justify;\"><span style=\"color: #333333;\">Le faccette dentali, chiamate anche faccette estetiche, sono sottili lamine in ceramica traslucida di circa 0,3 mm che vengono applicate sulla superfice esterna del dente andandone a celare i difetti cromatici ed imperfezioni di forma o di posizione.<\/span><\/p>\n<p>[\/vc_column_text][\/vc_column][\/vc_row][vc_row][vc_column width=&#8221;2\/3&#8243;][vc_single_image image=&#8221;251&#8243; img_size=&#8221;full&#8221; image_hovers=&#8221;false&#8221;][\/vc_column][vc_column width=&#8221;1\/3&#8243;][vc_single_image image=&#8221;260&#8243; img_size=&#8221;full&#8221; image_hovers=&#8221;false&#8221; el_class=&#8221;max&#8221;][\/vc_column][\/vc_row]<\/p>\n<\/div>","protected":false},"excerpt":{"rendered":"<p>[vc_row][vc_column width=&#8221;1\/2&#8243;][vc_single_image image=&#8221;246&#8243; img_size=&#8221;full&#8221; image_hovers=&#8221;false&#8221;][\/vc_column][vc_column width=&#8221;1\/2&#8243;][vc_column_text] A seconda delle esigenze del paziente il nostro centro offre diverse tipologie di servizi e trattamenti di odontoiatria estetica. [\/vc_column_text][vc_custom_heading text=&#8221;Sbiancamento denti: &#8221; font_container=&#8221;tag:h4|text_align:left|color:%23bd9b2f&#8221; google_fonts=&#8221;font_family:Roboto%3A100%2C100italic%2C300%2C300italic%2Cregular%2Citalic%2C500%2C500italic%2C700%2C700italic%2C900%2C900italic|font_style:700%20bold%20regular%3A700%3Anormal&#8221;][vc_column_text] Lo sbiancamento dentale \u00e8 un trattamento di odontoiatria estetica sempre pi\u00f9 richiesto. Lo sbiancamento dei denti \u00e8 una tecnica cosmetica assolutamente sicura, semplice ed&hellip;<\/p>\n","protected":false},"author":1,"featured_media":0,"parent":0,"menu_order":0,"comment_status":"closed","ping_status":"closed","template":"","meta":{"footnotes":""},"class_list":["post-30","page","type-page","status-publish","hentry","description-off"],"_links":{"self":[{"href":"https:\/\/piperodental.com\/index.php\/wp-json\/wp\/v2\/pages\/30","targetHints":{"allow":["GET"]}}],"collection":[{"href":"https:\/\/piperodental.com\/index.php\/wp-json\/wp\/v2\/pages"}],"about":[{"href":"https:\/\/piperodental.com\/index.php\/wp-json\/wp\/v2\/types\/page"}],"author":[{"embeddable":true,"href":"https:\/\/piperodental.com\/index.php\/wp-json\/wp\/v2\/users\/1"}],"replies":[{"embeddable":true,"href":"https:\/\/piperodental.com\/index.php\/wp-json\/wp\/v2\/comments?post=30"}],"version-history":[{"count":4,"href":"https:\/\/piperodental.com\/index.php\/wp-json\/wp\/v2\/pages\/30\/revisions"}],"predecessor-version":[{"id":261,"href":"https:\/\/piperodental.com\/index.php\/wp-json\/wp\/v2\/pages\/30\/revisions\/261"}],"wp:attachment":[{"href":"https:\/\/piperodental.com\/index.php\/wp-json\/wp\/v2\/media?parent=30"}],"curies":[{"name":"wp","href":"https:\/\/api.w.org\/{rel}","templated":true}]}}